{"id":542,"date":"2016-04-28T07:53:22","date_gmt":"2016-04-28T07:53:22","guid":{"rendered":"http:\/\/folkinheaven.ch\/wp\/?page_id=542"},"modified":"2018-04-18T16:25:44","modified_gmt":"2018-04-18T16:25:44","slug":"2016-2","status":"publish","type":"page","link":"https:\/\/www.folkinheaven.ch\/wp\/?page_id=542","title":{"rendered":"2016"},"content":{"rendered":"<p style=\"text-align: center;\">20. November 2016\u00a0 <a title=\"Homepage Brace &amp; Cooper\" href=\"http:\/\/redbeetrecords.com\/eric-brace-peter-cooper\" target=\"_blank\"><strong>Eric Brace &amp; Peter Cooper<\/strong><\/a>\u00a0 with Thomm Jutz<br \/>\nAmericana pur!\u00a0 (USA)<br \/>\nBild (v.l.n.r.): Thomm, Peter, Eric<br \/>\n<iframe loading=\"lazy\" src=\"https:\/\/www.youtube.com\/embed\/fLrm_qmh2oc?rel=0\" width=\"560\" height=\"315\" frameborder=\"0\" allowfullscreen=\"allowfullscreen\"><\/iframe><\/p>\n<p style=\"text-align: center;\">9. Oktober 2016 <a title=\"Homepage Kieran Goss\" href=\"http:\/\/kierangoss.com\/\" target=\"_blank\"><strong>Kieran Goss<\/strong><\/a> with Special Guest Annie Kinsella<br \/>\nUnterhaltend, ber\u00fchrend &amp; charmant (IRL)<br \/>\nAus rechtlichen Gr\u00fcnden d\u00fcrfen wir von diesem Konzert leider kein Video ver\u00f6ffentlichen.<br \/>\n<a href=\"https:\/\/www.folkinheaven.ch\/wp\/wp-content\/uploads\/2016\/04\/Ab-Video-17h31m46s398.jpg\"><img decoding=\"async\" loading=\"lazy\" class=\"wp-image-612 aligncenter\" src=\"https:\/\/www.folkinheaven.ch\/wp\/wp-content\/uploads\/2016\/04\/Ab-Video-17h31m46s398-300x169.jpg\" alt=\"Kieran Goss and Annie Kinsella\" width=\"289\" height=\"163\" srcset=\"https:\/\/www.folkinheaven.ch\/wp\/wp-content\/uploads\/2016\/04\/Ab-Video-17h31m46s398-300x169.jpg 300w, https:\/\/www.folkinheaven.ch\/wp\/wp-content\/uploads\/2016\/04\/Ab-Video-17h31m46s398-768x432.jpg 768w, https:\/\/www.folkinheaven.ch\/wp\/wp-content\/uploads\/2016\/04\/Ab-Video-17h31m46s398-1024x576.jpg 1024w, https:\/\/www.folkinheaven.ch\/wp\/wp-content\/uploads\/2016\/04\/Ab-Video-17h31m46s398-624x351.jpg 624w, https:\/\/www.folkinheaven.ch\/wp\/wp-content\/uploads\/2016\/04\/Ab-Video-17h31m46s398.jpg 1536w\" sizes=\"(max-width: 289px) 100vw, 289px\" \/><\/a><\/p>\n<p style=\"text-align: center;\">\n<p style=\"text-align: center;\">4. September 2016\u00a0 <a title=\"Homepage M.C. Hansen\" href=\"http:\/\/mchansen.com\/\" target=\"_blank\"><strong>M.C. Hansen<\/strong><\/a>\u00a0 with Jacob Chano<br \/>\nAmericana aus Skandinavien &#8211; &#8220;Scandicana&#8221;!\u00a0 (DK)<br \/>\n<iframe loading=\"lazy\" src=\"https:\/\/www.youtube.com\/embed\/2wCQWHRtlsA?rel=0\" width=\"560\" height=\"315\" frameborder=\"0\" allowfullscreen=\"allowfullscreen\"><\/iframe><\/p>\n<p style=\"text-align: center;\">8. Mai 2016 \u00a0 <a title=\"Homepage Dave &amp; Boo\" href=\"http:\/\/daveandboo.com\/\" target=\"_blank\"><strong>Dave Ellis &amp; Boo Howard<\/strong><\/a><br \/>\nVielseitig und vielsaitig!\u00a0 &#8211; Weltklasse-Duo aus London (UK)<br \/>\n<iframe loading=\"lazy\" src=\"https:\/\/www.youtube.com\/embed\/x9yKTbZuxL4?rel=0\" width=\"560\" height=\"315\" frameborder=\"0\" allowfullscreen=\"allowfullscreen\"><\/iframe><\/p>\n<p style=\"text-align: center;\">3. April 2016 \u00a0 <a title=\"Homepage Hugh Moffatt\" href=\"http:\/\/hughmoffatt.com\/\" target=\"_blank\"><strong>Hugh Moffatt &amp; Katy Moffatt<\/strong><\/a><br \/>\nLangersehntes Comeback des Geschwisterpaars aus den USA<br \/>\n<iframe loading=\"lazy\" src=\"https:\/\/www.youtube.com\/embed\/XogdvGfwi7A?rel=0\" width=\"560\" height=\"315\" frameborder=\"0\" allowfullscreen=\"allowfullscreen\"><\/iframe><\/p>\n<p>&nbsp;<\/p>\n","protected":false},"excerpt":{"rendered":"<p>20. November 2016\u00a0 Eric Brace &amp; Peter Cooper\u00a0 with Thomm Jutz Americana pur!\u00a0 (USA) Bild (v.l.n.r.): Thomm, Peter, Eric 9. Oktober 2016 Kieran Goss with Special Guest Annie Kinsella Unterhaltend, ber\u00fchrend &amp; charmant (IRL) Aus rechtlichen Gr\u00fcnden d\u00fcrfen wir von diesem Konzert leider kein Video ver\u00f6ffentlichen. 4. September 2016\u00a0 M.C. Hansen\u00a0 with Jacob Chano Americana [&hellip;]<\/p>\n","protected":false},"author":2,"featured_media":0,"parent":12,"menu_order":1,"comment_status":"closed","ping_status":"closed","template":"","meta":[],"_links":{"self":[{"href":"https:\/\/www.folkinheaven.ch\/wp\/index.php?rest_route=\/wp\/v2\/pages\/542"}],"collection":[{"href":"https:\/\/www.folkinheaven.ch\/wp\/index.php?rest_route=\/wp\/v2\/pages"}],"about":[{"href":"https:\/\/www.folkinheaven.ch\/wp\/index.php?rest_route=\/wp\/v2\/types\/page"}],"author":[{"embeddable":true,"href":"https:\/\/www.folkinheaven.ch\/wp\/index.php?rest_route=\/wp\/v2\/users\/2"}],"replies":[{"embeddable":true,"href":"https:\/\/www.folkinheaven.ch\/wp\/index.php?rest_route=%2Fwp%2Fv2%2Fcomments&post=542"}],"version-history":[{"count":13,"href":"https:\/\/www.folkinheaven.ch\/wp\/index.php?rest_route=\/wp\/v2\/pages\/542\/revisions"}],"predecessor-version":[{"id":616,"href":"https:\/\/www.folkinheaven.ch\/wp\/index.php?rest_route=\/wp\/v2\/pages\/542\/revisions\/616"}],"up":[{"embeddable":true,"href":"https:\/\/www.folkinheaven.ch\/wp\/index.php?rest_route=\/wp\/v2\/pages\/12"}],"wp:attachment":[{"href":"https:\/\/www.folkinheaven.ch\/wp\/index.php?rest_route=%2Fwp%2Fv2%2Fmedia&parent=542"}],"curies":[{"name":"wp","href":"https:\/\/api.w.org\/{rel}","templated":true}]}}