{"id":50,"date":"2012-11-28T09:17:28","date_gmt":"2012-11-28T09:17:28","guid":{"rendered":"http:\/\/folkinheaven.ch\/wp\/?page_id=50"},"modified":"2013-01-04T12:06:31","modified_gmt":"2013-01-04T12:06:31","slug":"helfer-gesucht","status":"publish","type":"page","link":"https:\/\/www.folkinheaven.ch\/wp\/?page_id=50","title":{"rendered":"Helfer gesucht!"},"content":{"rendered":"<p style=\"text-align: left;\">F\u00fcr FOLK IN HEAVEN k\u00f6nnte ich noch Helfer brauchen. Wer m\u00f6chte einen Einblick in die &#8220;himmlische&#8221; Konzertserie bekommen und mich hin und wieder bei den diversen Aufgaben unterst\u00fctzen. Nachfolgend ein paar Gebiete, in denen mein <strong>VIP*-Team<\/strong> und ich Entlastung n\u00f6tig h\u00e4tten:<\/p>\n<ul style=\"text-align: left;\">\n<li>Einrichten am Konzert-Sonntag<br \/>\n(Dekoration, St\u00fchle aufstellen, K\u00fcche, Wegmarkierung)<\/li>\n<li>Ticket-Verkauf<\/li>\n<li>Snack-Bar, Buffetbetreuung<\/li>\n<li>Fotografieren vor oder w\u00e4hrend Konzert und Pause<\/li>\n<li>St\u00fchle wegr\u00e4umen nach dem Konzert<\/li>\n<li>&#8220;K\u00fcnstler-Dinner&#8221; nach dem Konzert<br \/>\n(einfaches Essen f\u00fcr ca. 16 Personen zubereiten)<\/li>\n<li>Am Montag danach: Den &#8220;Himmel&#8221; aufr\u00e4umen und putzen<\/li>\n<\/ul>\n<p style=\"text-align: left;\">Unendlich froh w\u00e4re ich auch um Hilfe bei:<\/p>\n<ul style=\"text-align: left;\">\n<li>Webseite betreuen (WordPress)<\/li>\n<li>Plakatieren (k\u00f6nnte auch &#8220;nur&#8221; f\u00fcr EIN Dorf oder EINE Gegend sein)<\/li>\n<li>Sponsoren suchen<\/li>\n<\/ul>\n<p style=\"text-align: left;\"><strong>M\u00f6chtest du auch ein VIP* werden?<\/strong><\/p>\n<p style=\"text-align: left;\">*VIP heisst f\u00fcr FOLK IN HEAVEN: <strong>Very Important People<\/strong>!!<\/p>\n<p style=\"text-align: left;\">Weitere Infos: <a href=\"mailto:info@folkinheaven.ch\">info@folkinheaven.ch<\/a><\/p>\n","protected":false},"excerpt":{"rendered":"<p>F\u00fcr FOLK IN HEAVEN k\u00f6nnte ich noch Helfer brauchen. Wer m\u00f6chte einen Einblick in die &#8220;himmlische&#8221; Konzertserie bekommen und mich hin und wieder bei den diversen Aufgaben unterst\u00fctzen. Nachfolgend ein paar Gebiete, in denen mein VIP*-Team und ich Entlastung n\u00f6tig h\u00e4tten: Einrichten am Konzert-Sonntag (Dekoration, St\u00fchle aufstellen, K\u00fcche, Wegmarkierung) Ticket-Verkauf Snack-Bar, Buffetbetreuung Fotografieren vor oder [&hellip;]<\/p>\n","protected":false},"author":2,"featured_media":0,"parent":0,"menu_order":0,"comment_status":"closed","ping_status":"closed","template":"","meta":[],"_links":{"self":[{"href":"https:\/\/www.folkinheaven.ch\/wp\/index.php?rest_route=\/wp\/v2\/pages\/50"}],"collection":[{"href":"https:\/\/www.folkinheaven.ch\/wp\/index.php?rest_route=\/wp\/v2\/pages"}],"about":[{"href":"https:\/\/www.folkinheaven.ch\/wp\/index.php?rest_route=\/wp\/v2\/types\/page"}],"author":[{"embeddable":true,"href":"https:\/\/www.folkinheaven.ch\/wp\/index.php?rest_route=\/wp\/v2\/users\/2"}],"replies":[{"embeddable":true,"href":"https:\/\/www.folkinheaven.ch\/wp\/index.php?rest_route=%2Fwp%2Fv2%2Fcomments&post=50"}],"version-history":[{"count":5,"href":"https:\/\/www.folkinheaven.ch\/wp\/index.php?rest_route=\/wp\/v2\/pages\/50\/revisions"}],"predecessor-version":[{"id":210,"href":"https:\/\/www.folkinheaven.ch\/wp\/index.php?rest_route=\/wp\/v2\/pages\/50\/revisions\/210"}],"wp:attachment":[{"href":"https:\/\/www.folkinheaven.ch\/wp\/index.php?rest_route=%2Fwp%2Fv2%2Fmedia&parent=50"}],"curies":[{"name":"wp","href":"https:\/\/api.w.org\/{rel}","templated":true}]}}