{"id":345,"date":"2014-03-20T11:15:23","date_gmt":"2014-03-20T11:15:23","guid":{"rendered":"http:\/\/folkinheaven.ch\/wp\/?page_id=345"},"modified":"2018-04-18T16:05:53","modified_gmt":"2018-04-18T16:05:53","slug":"archiv-2014","status":"publish","type":"page","link":"https:\/\/www.folkinheaven.ch\/wp\/?page_id=345","title":{"rendered":"2014"},"content":{"rendered":"<p>5. Januar 2014 &#8211; <a title=\"Homepage Prelude\" href=\"http:\/\/www.preludemusic.co.uk\/\" target=\"_blank\"><strong>Prelude<\/strong><\/a><br \/>\nLegendary folk\/pop vocal trio (UK)<br \/>\n<iframe loading=\"lazy\" src=\"\/\/www.youtube.com\/embed\/1mUad8bJ4Co?rel=0\" width=\"560\" height=\"315\" frameborder=\"0\" allowfullscreen=\"allowfullscreen\"><\/iframe><\/p>\n<p><span style=\"color: #000000;\">FOLK IN HEAVEN SPECIAL:<\/span><br \/>\n11. Januar 2014 &#8211; <span style=\"color: #21759b;\"><strong>American Dream<\/strong><\/span><br \/>\nRick Harris, Helt Oncale &amp; Stephen Ferron with &#8220;music from back home&#8221; (USA)<br \/>\n<iframe loading=\"lazy\" src=\"\/\/www.youtube.com\/embed\/RvJjuMz5dFs?rel=0\" width=\"560\" height=\"315\" frameborder=\"0\" allowfullscreen=\"allowfullscreen\"><\/iframe><\/p>\n<p>2. Februar 2014 &#8211; <a title=\"Homepage David Gibb &amp; Elly Lucas\" href=\"http:\/\/gibbandlucas.tumblr.com\/\" target=\"_blank\"><strong>David Gibb &amp; Elly Lucas<\/strong><\/a><br \/>\nDelightful and quirky folk duo (UK)<br \/>\n<iframe loading=\"lazy\" src=\"\/\/www.youtube.com\/embed\/6Iic4k5rJao?rel=0\" width=\"560\" height=\"315\" frameborder=\"0\" allowfullscreen=\"allowfullscreen\"><\/iframe><\/p>\n<p>2. M\u00e4rz 2014 &#8211;<a title=\"Das JCSoF-Projekt auf Facebook\" href=\"https:\/\/www.facebook.com\/JamesConnollySongsOfFreedom\" target=\"_blank\"><strong> The James Connolly Songs of Freedom Band<\/strong><\/a><br \/>\nOld Irish Workers&#8217; Songs (IRL, USA, CH)<br \/>\n<iframe loading=\"lazy\" src=\"\/\/www.youtube.com\/embed\/hX0nK4bbHs0?rel=0\" width=\"560\" height=\"315\" frameborder=\"0\" allowfullscreen=\"allowfullscreen\"><\/iframe><\/p>\n<p>FOLK IN HEAVEN SPECIAL:<br \/>\n16. M\u00e4rz 2014 &#8211; <a title=\"Homepage Hugh Moffatt\" href=\"http:\/\/www.hughmoffatt.com\" target=\"_blank\"><strong>Hugh Moffatt<\/strong><\/a><br \/>\nA singer-songwriter legend (USA)<br \/>\n<iframe loading=\"lazy\" src=\"\/\/www.youtube.com\/embed\/gHZaH33xMPU?rel=0\" width=\"560\" height=\"315\" frameborder=\"0\" allowfullscreen=\"allowfullscreen\"><\/iframe><\/p>\n<p>6. April 2014 &#8211;\u00a0<a title=\"Homepage Loren &amp; Mark\" href=\"http:\/\/www.lorenandmark.com\" target=\"_blank\"><strong>Loren &amp; Mark<\/strong><\/a><br \/>\nStunning world class guitar duo (USA, NZ)<br \/>\n<iframe loading=\"lazy\" src=\"\/\/www.youtube.com\/embed\/CBEVkHzrguQ?rel=0\" width=\"560\" height=\"315\" frameborder=\"0\" allowfullscreen=\"allowfullscreen\"><\/iframe><\/p>\n<p>5. Mai 2014 &#8211; <strong><a title=\"Homepage Brent Moyer\" href=\"http:\/\/www.reverbnation.com\/brentmoyer\">Brent Moyer<\/a>\u00a0<\/strong> feat. Kurt M\u00fcller<br \/>\nThe Global Cowboy meets Schwyzer\u00f6rgeli (USA, CH)<br \/>\nThis medley starts with the instrumental &#8220;Sl\u00e4ngspolska&#8221;, followed by Moyer&#8217;s song &#8220;First Taste of Summer&#8221; (song starts at 01:31).<br \/>\n<iframe loading=\"lazy\" src=\"\/\/www.youtube.com\/embed\/McNzRa7qBgI?rel=0\" width=\"560\" height=\"315\" frameborder=\"0\" allowfullscreen=\"allowfullscreen\"><\/iframe><\/p>\n<p>7. Dezember 2014 &#8211; <strong><a title=\"Homepage Kieran Goss\" href=\"http:\/\/www.kierangoss.com\">Kieran Goss<\/a> <\/strong> feat. Annie Kinsella<br \/>\nPopular Irish singer\/songwriter &#8211; charming, touching and very entertaining\u00a0 (IRL)<br \/>\n&gt; Aus rechtlichen Gr\u00fcnden d\u00fcrfen wir von diesem Konzert leider kein Video ver\u00f6ffentlichen.<br \/>\n<a href=\"https:\/\/www.folkinheaven.ch\/wp\/wp-content\/uploads\/2014\/03\/Ab-Video-17h58m50s762.jpg\"><img decoding=\"async\" loading=\"lazy\" class=\"aligncenter size-medium wp-image-614\" src=\"https:\/\/www.folkinheaven.ch\/wp\/wp-content\/uploads\/2014\/03\/Ab-Video-17h58m50s762-300x169.jpg\" alt=\"Kieran Goss and Annie Kinsella\" width=\"300\" height=\"169\" srcset=\"https:\/\/www.folkinheaven.ch\/wp\/wp-content\/uploads\/2014\/03\/Ab-Video-17h58m50s762-300x169.jpg 300w, https:\/\/www.folkinheaven.ch\/wp\/wp-content\/uploads\/2014\/03\/Ab-Video-17h58m50s762-768x432.jpg 768w, https:\/\/www.folkinheaven.ch\/wp\/wp-content\/uploads\/2014\/03\/Ab-Video-17h58m50s762-1024x576.jpg 1024w, https:\/\/www.folkinheaven.ch\/wp\/wp-content\/uploads\/2014\/03\/Ab-Video-17h58m50s762-624x351.jpg 624w, https:\/\/www.folkinheaven.ch\/wp\/wp-content\/uploads\/2014\/03\/Ab-Video-17h58m50s762.jpg 1536w\" sizes=\"(max-width: 300px) 100vw, 300px\" \/><\/a><\/p>\n","protected":false},"excerpt":{"rendered":"<p>5. Januar 2014 &#8211; Prelude Legendary folk\/pop vocal trio (UK) FOLK IN HEAVEN SPECIAL: 11. Januar 2014 &#8211; American Dream Rick Harris, Helt Oncale &amp; Stephen Ferron with &#8220;music from back home&#8221; (USA) 2. Februar 2014 &#8211; David Gibb &amp; Elly Lucas Delightful and quirky folk duo (UK) 2. M\u00e4rz 2014 &#8211; The James Connolly [&hellip;]<\/p>\n","protected":false},"author":2,"featured_media":0,"parent":12,"menu_order":2,"comment_status":"closed","ping_status":"closed","template":"","meta":[],"_links":{"self":[{"href":"https:\/\/www.folkinheaven.ch\/wp\/index.php?rest_route=\/wp\/v2\/pages\/345"}],"collection":[{"href":"https:\/\/www.folkinheaven.ch\/wp\/index.php?rest_route=\/wp\/v2\/pages"}],"about":[{"href":"https:\/\/www.folkinheaven.ch\/wp\/index.php?rest_route=\/wp\/v2\/types\/page"}],"author":[{"embeddable":true,"href":"https:\/\/www.folkinheaven.ch\/wp\/index.php?rest_route=\/wp\/v2\/users\/2"}],"replies":[{"embeddable":true,"href":"https:\/\/www.folkinheaven.ch\/wp\/index.php?rest_route=%2Fwp%2Fv2%2Fcomments&post=345"}],"version-history":[{"count":17,"href":"https:\/\/www.folkinheaven.ch\/wp\/index.php?rest_route=\/wp\/v2\/pages\/345\/revisions"}],"predecessor-version":[{"id":615,"href":"https:\/\/www.folkinheaven.ch\/wp\/index.php?rest_route=\/wp\/v2\/pages\/345\/revisions\/615"}],"up":[{"embeddable":true,"href":"https:\/\/www.folkinheaven.ch\/wp\/index.php?rest_route=\/wp\/v2\/pages\/12"}],"wp:attachment":[{"href":"https:\/\/www.folkinheaven.ch\/wp\/index.php?rest_route=%2Fwp%2Fv2%2Fmedia&parent=345"}],"curies":[{"name":"wp","href":"https:\/\/api.w.org\/{rel}","templated":true}]}}